{"id":2,"date":"2025-04-11T11:48:30","date_gmt":"2025-04-11T09:48:30","guid":{"rendered":"http:\/\/naszeoksywie.pl\/?page_id=2"},"modified":"2025-04-28T13:12:10","modified_gmt":"2025-04-28T11:12:10","slug":"strona-glowna","status":"publish","type":"page","link":"https:\/\/naszeoksywie.pl\/","title":{"rendered":"Pom\u00f3\u017c uratowa\u0107 nasz ukochany las\u2026"},"content":{"rendered":"\n<p><strong><a href=\"https:\/\/naszeoksywie.pl\/wp-content\/uploads\/2025\/04\/Lista-poparcia-6.pdf\" data-type=\"attachment\" data-id=\"111\">Pobierz, wydrukuj i przynie\u015b do nas (kliknij).<\/a><\/strong><\/p>\n\n\n\n<p>Mo\u017cesz te\u017c podpisa\u0107 online! Kliknij w link: <a href=\"https:\/\/www.petycjeonline.com\/signatures\/poparcie_uwag_rady_dzielnicy_oksywie\/\">https:\/\/www.petycjeonline.com\/signatures\/poparcie_uwag_rady_dzielnicy_oksyw<strong>ie\/<\/strong><\/a><\/p>\n\n\n\n<p>Rada Dzielnicy Oksywie zorganizowa\u0142a w temacie projektu miejscowego planu zagospodarowania przestrzennego cz\u0119\u015bci dzielnicy Oksywie, rejon ulic Bosma\u0144skiej, in\u017c. J. \u015amidowicza i Arciszewskich \u0142\u0105cznie 5 otwartych spotka\u0144 z mieszka\u0144cami naszej dzielnicy, w kt\u00f3rych uczestniczy\u0142o oko\u0142o 200 os\u00f3b. Ponadto spotykali\u015bmy si\u0119 wielokrotnie z mieszka\u0144cami, lokalnymi stowarzyszeniami w terenie rozmawiaj\u0105c o tych obszarach, zorganizowali\u015bmy tak\u017ce spacer dla Radnych Miasta przedstawiaj\u0105c dok\u0142adnie tereny o kt\u00f3rych mowa. W styczniu 2025 roku na Sesji Rady Miasta wskazali\u015bmy potrzeb\u0119 ochrony przed zabudow\u0105 wspomnianych teren\u00f3w zielonych. 6 marca 2025 r. spotkali\u015bmy si\u0119 w Urz\u0119dzie Miasta Prezydentem Maciejem Zielonk\u0105, Urz\u0119dnikami oraz Radnymi Miasta.&nbsp;<\/p>\n\n\n\n<figure class=\"wp-block-image size-full\"><img loading=\"lazy\" decoding=\"async\" width=\"895\" height=\"803\" src=\"http:\/\/naszeoksywie.pl\/wp-content\/uploads\/2025\/04\/TErenOksywie.png\" alt=\"\" class=\"wp-image-68\" srcset=\"https:\/\/naszeoksywie.pl\/wp-content\/uploads\/2025\/04\/TErenOksywie.png 895w, https:\/\/naszeoksywie.pl\/wp-content\/uploads\/2025\/04\/TErenOksywie-300x269.png 300w, https:\/\/naszeoksywie.pl\/wp-content\/uploads\/2025\/04\/TErenOksywie-768x689.png 768w\" sizes=\"auto, (max-width: 895px) 100vw, 895px\" \/><\/figure>\n\n\n\n<p><br>Jako Rada Dzielnicy Oksywie jeste\u015bmy za m\u0105drym i zr\u00f3wnowa\u017conym rozwojem Oksywia z poszanowaniem jego historii i krajobrazu oraz z uwzgl\u0119dnieniem jego specyficznych uwarunkowa\u0144 geograficzno-ekonomicznych. Dlatego, po ws\u0142uchaniu si\u0119 w g\u0142os mieszka\u0144c\u00f3w, jeste\u015bmy przeciwni dog\u0119szczaniu dzielnicy, bez zagwarantowania budowy brakuj\u0105cej infrastruktury spo\u0142ecznej oraz technicznej. Oczekujemy wprowadzenia dzia\u0142a\u0144, kt\u00f3re w pierwszej kolejno\u015bci poprawi\u0105 bezpiecze\u0144stwo mieszka\u0144c\u00f3w naszej dzielnicy oraz wyr\u00f3wnania standard\u00f3w zamieszkania, by spe\u0142nia\u0142y og\u00f3lno przyj\u0119te normy.&nbsp;<\/p>\n\n\n\n<blockquote class=\"wp-block-quote is-layout-flow wp-block-quote-is-layout-flow\">\n<p><strong>Jeste\u015bmy przeciwni niszczeniu walor\u00f3w Oksywia oraz pogarszaniu warunk\u00f3w do \u017cycia naszych mieszka\u0144c\u00f3w<\/strong><\/p>\n<\/blockquote>\n\n\n\n<p><a href=\"https:\/\/naszeoksywie.pl\/index.php\/o-akcji\/\" data-type=\"page\" data-id=\"30\"><strong>Szczeg\u00f3\u0142y akcji &#8211; kliknij. <\/strong><\/a><\/p>\n\n\n\n<figure class=\"wp-block-image size-large\"><img loading=\"lazy\" decoding=\"async\" width=\"724\" height=\"1024\" src=\"https:\/\/naszeoksywie.pl\/wp-content\/uploads\/2025\/04\/PLAKAT3-724x1024.png\" alt=\"\" class=\"wp-image-105\" srcset=\"https:\/\/naszeoksywie.pl\/wp-content\/uploads\/2025\/04\/PLAKAT3-724x1024.png 724w, https:\/\/naszeoksywie.pl\/wp-content\/uploads\/2025\/04\/PLAKAT3-212x300.png 212w, https:\/\/naszeoksywie.pl\/wp-content\/uploads\/2025\/04\/PLAKAT3-768x1086.png 768w, https:\/\/naszeoksywie.pl\/wp-content\/uploads\/2025\/04\/PLAKAT3-1086x1536.png 1086w, https:\/\/naszeoksywie.pl\/wp-content\/uploads\/2025\/04\/PLAKAT3.png 1315w\" sizes=\"auto, (max-width: 724px) 100vw, 724px\" \/><\/figure>\n\n\n\n<p><\/p>\n","protected":false},"excerpt":{"rendered":"<p>Pobierz, wydrukuj i przynie\u015b do nas (kliknij). Mo\u017cesz te\u017c podpisa\u0107 online! Kliknij w link: https:\/\/www.petycjeonline.com\/signatures\/poparcie_uwag_rady_dzielnicy_oksywie\/ Rada Dzielnicy Oksywie zorganizowa\u0142a w temacie projektu miejscowego planu zagospodarowania przestrzennego cz\u0119\u015bci dzielnicy Oksywie, rejon ulic Bosma\u0144skiej, in\u017c. J. \u015amidowicza i Arciszewskich \u0142\u0105cznie 5 otwartych spotka\u0144 z mieszka\u0144cami naszej dzielnicy, w kt\u00f3rych uczestniczy\u0142o oko\u0142o 200 os\u00f3b. Ponadto spotykali\u015bmy si\u0119 wielokrotnie [&hellip;]<\/p>\n","protected":false},"author":1,"featured_media":98,"parent":0,"menu_order":0,"comment_status":"closed","ping_status":"closed","template":"page-no-separators","meta":{"footnotes":""},"class_list":["post-2","page","type-page","status-publish","has-post-thumbnail","hentry"],"_links":{"self":[{"href":"https:\/\/naszeoksywie.pl\/index.php\/wp-json\/wp\/v2\/pages\/2","targetHints":{"allow":["GET"]}}],"collection":[{"href":"https:\/\/naszeoksywie.pl\/index.php\/wp-json\/wp\/v2\/pages"}],"about":[{"href":"https:\/\/naszeoksywie.pl\/index.php\/wp-json\/wp\/v2\/types\/page"}],"author":[{"embeddable":true,"href":"https:\/\/naszeoksywie.pl\/index.php\/wp-json\/wp\/v2\/users\/1"}],"replies":[{"embeddable":true,"href":"https:\/\/naszeoksywie.pl\/index.php\/wp-json\/wp\/v2\/comments?post=2"}],"version-history":[{"count":18,"href":"https:\/\/naszeoksywie.pl\/index.php\/wp-json\/wp\/v2\/pages\/2\/revisions"}],"predecessor-version":[{"id":113,"href":"https:\/\/naszeoksywie.pl\/index.php\/wp-json\/wp\/v2\/pages\/2\/revisions\/113"}],"wp:featuredmedia":[{"embeddable":true,"href":"https:\/\/naszeoksywie.pl\/index.php\/wp-json\/wp\/v2\/media\/98"}],"wp:attachment":[{"href":"https:\/\/naszeoksywie.pl\/index.php\/wp-json\/wp\/v2\/media?parent=2"}],"curies":[{"name":"wp","href":"https:\/\/api.w.org\/{rel}","templated":true}]}}