{"id":12,"date":"2025-04-11T13:52:24","date_gmt":"2025-04-11T11:52:24","guid":{"rendered":"http:\/\/naszeoksywie.pl\/?page_id=12"},"modified":"2025-04-28T13:10:59","modified_gmt":"2025-04-28T11:10:59","slug":"uratuj-las-podpisz-liste-poparcia","status":"publish","type":"page","link":"https:\/\/naszeoksywie.pl\/index.php\/uratuj-las-podpisz-liste-poparcia\/","title":{"rendered":"Uratuj las &#8211; podpisz list\u0119 poparcia"},"content":{"rendered":"\n<p>Mo\u017cesz te\u017c podpisa\u0107 online! Kliknij w link:&nbsp;<a href=\"https:\/\/www.petycjeonline.com\/signatures\/poparcie_uwag_rady_dzielnicy_oksywie\/\">https:\/\/www.petycjeonline.com\/signatures\/poparcie_uwag_rady_dzielnicy_oksywie\/<\/a><\/p>\n\n\n\n<p><\/p>\n\n\n\n<p>Przyjd\u017a do siedziby Rady Dzielnicy i podpisz list\u0119 poparcia. <\/p>\n\n\n\n<div data-wp-interactive=\"core\/file\" class=\"wp-block-file\"><object data-wp-bind--hidden=\"!state.hasPdfPreview\" hidden class=\"wp-block-file__embed\" data=\"https:\/\/naszeoksywie.pl\/wp-content\/uploads\/2025\/04\/Lista-poparcia-6.pdf\" type=\"application\/pdf\" style=\"width:100%;height:600px\" aria-label=\"Osadzone z Lista poparcia - &lt;strong&gt;Pobierz, wydrukuj i przynie\u015b do nas (kliknij). &lt;\/strong&gt;.\"><\/object><a id=\"wp-block-file--media-e8deebe0-730b-4e49-b3b6-230f21a7b2f6\" href=\"https:\/\/naszeoksywie.pl\/wp-content\/uploads\/2025\/04\/Lista-poparcia-6.pdf\">Lista poparcia &#8211; <strong>Pobierz, wydrukuj i przynie\u015b do nas (kliknij). <\/strong><\/a><a href=\"https:\/\/naszeoksywie.pl\/wp-content\/uploads\/2025\/04\/Lista-poparcia-6.pdf\" class=\"wp-block-file__button wp-element-button\" download aria-describedby=\"wp-block-file--media-e8deebe0-730b-4e49-b3b6-230f21a7b2f6\">Pobierz<\/a><\/div>\n","protected":false},"excerpt":{"rendered":"<p>Mo\u017cesz te\u017c podpisa\u0107 online! Kliknij w link:&nbsp;https:\/\/www.petycjeonline.com\/signatures\/poparcie_uwag_rady_dzielnicy_oksywie\/ Przyjd\u017a do siedziby Rady Dzielnicy i podpisz list\u0119 poparcia.<\/p>\n","protected":false},"author":1,"featured_media":0,"parent":0,"menu_order":0,"comment_status":"closed","ping_status":"closed","template":"","meta":{"footnotes":""},"class_list":["post-12","page","type-page","status-publish","hentry"],"_links":{"self":[{"href":"https:\/\/naszeoksywie.pl\/index.php\/wp-json\/wp\/v2\/pages\/12","targetHints":{"allow":["GET"]}}],"collection":[{"href":"https:\/\/naszeoksywie.pl\/index.php\/wp-json\/wp\/v2\/pages"}],"about":[{"href":"https:\/\/naszeoksywie.pl\/index.php\/wp-json\/wp\/v2\/types\/page"}],"author":[{"embeddable":true,"href":"https:\/\/naszeoksywie.pl\/index.php\/wp-json\/wp\/v2\/users\/1"}],"replies":[{"embeddable":true,"href":"https:\/\/naszeoksywie.pl\/index.php\/wp-json\/wp\/v2\/comments?post=12"}],"version-history":[{"count":7,"href":"https:\/\/naszeoksywie.pl\/index.php\/wp-json\/wp\/v2\/pages\/12\/revisions"}],"predecessor-version":[{"id":112,"href":"https:\/\/naszeoksywie.pl\/index.php\/wp-json\/wp\/v2\/pages\/12\/revisions\/112"}],"wp:attachment":[{"href":"https:\/\/naszeoksywie.pl\/index.php\/wp-json\/wp\/v2\/media?parent=12"}],"curies":[{"name":"wp","href":"https:\/\/api.w.org\/{rel}","templated":true}]}}